{"id":2855,"date":"2022-07-19T15:00:52","date_gmt":"2022-07-19T13:00:52","guid":{"rendered":"https:\/\/www.wordpower.ro\/?page_id=2855"},"modified":"2022-09-06T18:10:01","modified_gmt":"2022-09-06T16:10:01","slug":"quote","status":"publish","type":"page","link":"https:\/\/www.wordpower.ro\/ro\/quote\/","title":{"rendered":"Ofert\u0103"},"content":{"rendered":"<main class=\"fusion-fullwidth fullwidth-box fusion-builder-row-1 fusion-flex-container nonhundred-percent-fullwidth non-hundred-percent-height-scrolling\" style=\"background-color: rgba(193,50,50,0);background-position: center center;background-repeat: no-repeat;border-width: 0px 0px 0px 0px;border-color:hsla(var(--awb-color8-h),var(--awb-color8-s),calc( var(--awb-color8-l) + 83% ),var(--awb-color8-a));border-style:solid;\" ><div class=\"fusion-builder-row fusion-row fusion-flex-align-items-center fusion-flex-justify-content-center\" style=\"max-width:1352px;margin-left: calc(-4% \/ 2 );margin-right: calc(-4% \/ 2 );\"><div class=\"fusion-layout-column fusion_builder_column fusion-builder-column-0 fusion-flex-column\"><div class=\"fusion-column-wrapper fusion-column-has-shadow fusion-flex-justify-content-center fusion-content-layout-column\" style=\"background-position:left top;background-repeat:no-repeat;-webkit-background-size:cover;-moz-background-size:cover;-o-background-size:cover;background-size:cover;background-color:#ffffff;border-width: 10px 0px 0px 0px;border-color:#6abf16;border-style:solid;box-shadow:0px 0px 60px -58px #000000;;padding: 0px 15% 0px 15%;\"><div class=\"fusion-text fusion-text-1\" style=\"font-size:30px;font-family:&quot;PT Sans&quot;;font-weight:400;\"><p style=\"padding-top: 20px; text-align: center; margin-bottom: 0px;\"><span style=\"color: #1c274d;\">E\u0219ti \u00een c\u0103utarea unei oferte<\/span><\/p>\n<p style=\"text-align: center; margin-bottom: 0px;\"><span style=\"color: #1c274d;\">pentru urm\u0103torul t\u0103u proiect?<\/span><\/p>\n<p style=\"text-align: center;\"><span style=\"color: #1c274d;\">Completeaz\u0103 formularul de mai jos \u0219i cineva din cadrul WWP te va contacta<\/span><\/p>\n<\/div><div class=\"fusion-separator fusion-full-width-sep\" style=\"align-self: center;margin-left: auto;margin-right: auto;margin-top:20px;width:100%;\"><div class=\"fusion-separator-border sep-shadow\" style=\"background:radial-gradient(ellipse at 50% -50% , var(--awb-color3) 0px, rgba(255, 255, 255, 0) 80%) repeat scroll 0 0 rgba(0, 0, 0, 0);background:-webkit-radial-gradient(ellipse at 50% -50% , var(--awb-color3) 0px, rgba(255, 255, 255, 0) 80%) repeat scroll 0 0 rgba(0, 0, 0, 0);background:-moz-radial-gradient(ellipse at 50% -50% , var(--awb-color3) 0px, rgba(255, 255, 255, 0) 80%) repeat scroll 0 0 rgba(0, 0, 0, 0);background:-o-radial-gradient(ellipse at 50% -50% , var(--awb-color3) 0px, rgba(255, 255, 255, 0) 80%) repeat scroll 0 0 rgba(0, 0, 0, 0);\"><\/div><\/div><script src=\"https:\/\/wordpower.ro\/select2\/jquery\/3.3.1\/jquery.min.js\"><\/script>\n<script src=\"https:\/\/wordpower.ro\/select2\/select2.js\"><\/script>\n<link rel=\"stylesheet\" href=\"https:\/\/wordpower.ro\/select2\/select2.css\">\n\n<script>\njQuery(document).ready(function($) {\n\nfunction custom_template(obj){\n          var data = $(obj.element).data();\n          var text = $(obj.element).text();\n          if(data && data['img_src']){\n            img_src = data['img_src'];\n            template = $(\"<div><img src=\\\"\" + img_src + \"\\\" style=\\\"width:20px;height:20px;margin-right:10px;vertical-align:middle;\\\"\/><p style=\\\"font-weight: 400;text-align:left;display:inline;vertical-align:middle\\\">\" + text + \"<\/p><\/div>\");\n            return template;\n          }\n        }\n  var options = {\n    'templateSelection': custom_template,\n    'templateResult': custom_template,\n  }\n  $('#from_lang').select2(options);\n    $('.select2-container--default .select2-selection--single').css({'height': '30px'});\n  \n    $('#f_fileupl').change(function() {\n      var i = $(this).parent('span').prev('label').clone();\n      var file = $('#f_fileupl')[0].files[0].name;  $(this).parent('span').prev('label').text(file);\n    });\n  \n});\n<\/script>\n\n\n\n\n<div role=\"form\" class=\"wpcf7\" id=\"wpcf7-f3732-o1\" lang=\"en-US\" dir=\"ltr\">\n<div class=\"screen-reader-response\"><p role=\"status\" aria-live=\"polite\" aria-atomic=\"true\"><\/p> <ul><\/ul><\/div>\n<form action=\"\/ro\/wp-json\/wp\/v2\/pages\/2855#wpcf7-f3732-o1\" method=\"post\" class=\"wpcf7-form init\" enctype=\"multipart\/form-data\" novalidate=\"novalidate\" data-status=\"init\" data-trp-original-action=\"\/ro\/wp-json\/wp\/v2\/pages\/2855#wpcf7-f3732-o1\">\n<div style=\"display: none;\">\n<input type=\"hidden\" name=\"_wpcf7\" value=\"3732\" \/>\n<input type=\"hidden\" name=\"_wpcf7_version\" value=\"5.6.1\" \/>\n<input type=\"hidden\" name=\"_wpcf7_locale\" value=\"en_US\" \/>\n<input type=\"hidden\" name=\"_wpcf7_unit_tag\" value=\"wpcf7-f3732-o1\" \/>\n<input type=\"hidden\" name=\"_wpcf7_container_post\" value=\"0\" \/>\n<input type=\"hidden\" name=\"_wpcf7_posted_data_hash\" value=\"\" \/>\n<input type=\"hidden\" name=\"_wpcf7cf_hidden_group_fields\" value=\"[]\" \/>\n<input type=\"hidden\" name=\"_wpcf7cf_hidden_groups\" value=\"[]\" \/>\n<input type=\"hidden\" name=\"_wpcf7cf_visible_groups\" value=\"[]\" \/>\n<input type=\"hidden\" name=\"_wpcf7cf_repeaters\" value=\"[]\" \/>\n<input type=\"hidden\" name=\"_wpcf7cf_steps\" value=\"{}\" \/>\n<input type=\"hidden\" name=\"_wpcf7cf_options\" value=\"{&quot;form_id&quot;:3732,&quot;conditions&quot;:[{&quot;then_field&quot;:&quot;qf-dateZ&quot;,&quot;and_rules&quot;:[{&quot;if_field&quot;:&quot;qf-deadline&quot;,&quot;operator&quot;:&quot;equals&quot;,&quot;if_value&quot;:&quot;Livrare la o dat\\u0103 anume&quot;}]}],&quot;settings&quot;:{&quot;animation&quot;:&quot;yes&quot;,&quot;animation_intime&quot;:&quot;200&quot;,&quot;animation_outtime&quot;:&quot;200&quot;,&quot;conditions_ui&quot;:&quot;normal&quot;,&quot;notice_dismissed&quot;:&quot;&quot;}}\" \/>\n<input type=\"hidden\" name=\"_wpcf7_recaptcha_response\" value=\"\" \/>\n<\/div>\n<div class=\"qf-spacer qf-section\">Traducere din<\/div>\n<div class=\"wpcf7-select-parent\">\n<select id=\"from_lang\" name=\"qf-translate-from-1\" class=\"wpcf7-form-control wpcf7-select wpcf7-validates-as-required\" aria-required=\"true\" aria-invalid=\"false\"><br \/>\n  <option data-img_src=\"https:\/\/www.wordpower.ro\/wp-content\/uploads\/2022\/09\/phldf.png\" value>Te rug\u0103m s\u0103 selectezi<\/option><br \/>\n  <option data-img_src=\"https:\/\/www.wordpower.ro\/wp-content\/uploads\/2022\/07\/en_GB.png\" value=\"Englez\u0103\">Englez\u0103<\/option><br \/>\n  <option data-img_src=\"https:\/\/www.wordpower.ro\/wp-content\/uploads\/2022\/07\/fr_FR.png\" value=\"Francez\u0103\">Francez\u0103<\/option><br \/>\n  <option data-img_src=\"https:\/\/www.wordpower.ro\/wp-content\/uploads\/2022\/07\/de_DE.png\" value=\"German\u0103\">German\u0103<\/option><br \/>\n  <option data-img_src=\"https:\/\/www.wordpower.ro\/wp-content\/uploads\/2022\/07\/it_IT.png\" value=\"Italian\u0103\">Italian\u0103<\/option><br \/>\n  <option data-img_src=\"https:\/\/www.wordpower.ro\/wp-content\/uploads\/2022\/07\/ro_RO.png\" value=\"Rom\u00e2n\u0103\">Rom\u00e2n\u0103<\/option><br \/>\n  <option data-img_src=\"https:\/\/www.wordpower.ro\/wp-content\/uploads\/2022\/07\/ru_RU.png\" value=\"Rus\u0103\">Rus\u0103<\/option><br \/>\n  <option data-img_src=\"https:\/\/www.wordpower.ro\/wp-content\/uploads\/2022\/07\/es_ES.png\" value=\"Spaniol\u0103\">Spaniol\u0103<\/option><br \/>\n  <option data-img_src=\"https:\/\/www.wordpower.ro\/wp-content\/uploads\/2022\/07\/ua_UA.png\" value=\"Ucrainean\u0103\">Ucrainean\u0103<\/option><br \/>\n<\/select><\/p>\n<div class=\"select-arrow arrowshaper\" style=\"height: 58px; width: 58px; line-height: 58px;\">\ue61f<\/div>\n<\/div>\n<div class=\"qf-spacer qf-section qf-section-trto\">Traducere \u00een<\/div>\n<p><span class=\"wpcf7-form-control-wrap\" data-name=\"qf-translate-to-1-checkbox\"><span class=\"wpcf7-form-control wpcf7-checkbox wpcf7-validates-as-required qf-translate-to-1-chk\" id=\"qf-translate-to-1-chk-id\"><span class=\"wpcf7-list-item first\"><label><input type=\"checkbox\" name=\"qf-translate-to-1-checkbox[]\" value=\"Englez\u0103\" \/><span class=\"wpcf7-list-item-label\">Englez\u0103<\/span><\/label><\/span><span class=\"wpcf7-list-item\"><label><input type=\"checkbox\" name=\"qf-translate-to-1-checkbox[]\" value=\"Francez\u0103\" \/><span class=\"wpcf7-list-item-label\">Francez\u0103<\/span><\/label><\/span><span class=\"wpcf7-list-item\"><label><input type=\"checkbox\" name=\"qf-translate-to-1-checkbox[]\" value=\"German\u0103\" \/><span class=\"wpcf7-list-item-label\">German\u0103<\/span><\/label><\/span><span class=\"wpcf7-list-item\"><label><input type=\"checkbox\" name=\"qf-translate-to-1-checkbox[]\" value=\"Italian\u0103\" \/><span class=\"wpcf7-list-item-label\">Italian\u0103<\/span><\/label><\/span><span class=\"wpcf7-list-item\"><label><input type=\"checkbox\" name=\"qf-translate-to-1-checkbox[]\" value=\"Rom\u00e2n\u0103\" \/><span class=\"wpcf7-list-item-label\">Rom\u00e2n\u0103<\/span><\/label><\/span><span class=\"wpcf7-list-item\"><label><input type=\"checkbox\" name=\"qf-translate-to-1-checkbox[]\" value=\"Rus\u0103\" \/><span class=\"wpcf7-list-item-label\">Rus\u0103<\/span><\/label><\/span><span class=\"wpcf7-list-item\"><label><input type=\"checkbox\" name=\"qf-translate-to-1-checkbox[]\" value=\"Spaniol\u0103\" \/><span class=\"wpcf7-list-item-label\">Spaniol\u0103<\/span><\/label><\/span><span class=\"wpcf7-list-item last\"><label><input type=\"checkbox\" name=\"qf-translate-to-1-checkbox[]\" value=\"Ucrainean\u0103\" \/><span class=\"wpcf7-list-item-label\">Ucrainean\u0103<\/span><\/label><\/span><\/span><\/span><\/p>\n<div class=\"qf-spacer qf-section\">\u00cenc\u0103rcare fi\u0219ier (op\u021bional\u0103)<\/div>\n<div class=\"qf-filedesc\">M\u0103rime max.: 3MB. Fi\u0219iere acceptate: jpg, jpeg, png, gif, pdf, doc, docx, ppt, pptx.<\/div>\n<p><label for=\"f_fileupl\" class=\"f_cfileup\">Ata\u0219eaz\u0103 fi\u0219ier<\/label><span class=\"wpcf7-form-control-wrap\" data-name=\"qf-file-upload\"><input type=\"file\" name=\"qf-file-upload\" size=\"40\" class=\"wpcf7-form-control wpcf7-file\" id=\"f_fileupl\" accept=\".jpg,.jpeg,.png,.gif,.pdf,.doc,.0docx,.ppt,.pptx\" aria-invalid=\"false\" \/><\/span><\/p>\n<div class=\"qf-spacer qf-section\">Descriere<\/div>\n<p><label><span class=\"wpcf7-form-control-wrap\" data-name=\"qf-your-message\"><textarea name=\"qf-your-message\" cols=\"40\" rows=\"10\" class=\"wpcf7-form-control wpcf7-textarea wpcf7-validates-as-required\" aria-required=\"true\" aria-invalid=\"false\" placeholder=\"Te rug\u0103m s\u0103 incluzi o descriere scurt\u0103 a serviciilor necesare\"><\/textarea><\/span><\/label><\/p>\n<div class=\"qf-spacer qf-section-tr\">Data livr\u0103rii traducerii<\/div>\n<p><span class=\"wpcf7-form-control-wrap\" data-name=\"qf-deadline\"><span class=\"wpcf7-form-control wpcf7-radio deadlineqf\"><span class=\"wpcf7-list-item first\"><label><input type=\"radio\" name=\"qf-deadline\" value=\"Data va fi stabilit\u0103 de noi\" checked=\"checked\" \/><span class=\"wpcf7-list-item-label\">Data va fi stabilit\u0103 de noi<\/span><\/label><\/span><span class=\"wpcf7-list-item last\"><label><input type=\"radio\" name=\"qf-deadline\" value=\"Livrare la o dat\u0103 anume\" \/><span class=\"wpcf7-list-item-label\">Livrare la o dat\u0103 anume<\/span><\/label><\/span><\/span><\/span><\/p>\n<div data-id=\"qf-dateZ\" data-orig_data_id=\"qf-dateZ\" data-clear_on_hide data-class=\"wpcf7cf_group\">\n<span class=\"wpcf7-form-control-wrap\" data-name=\"qf-datepick\"><input type=\"date\" name=\"qf-datepick\" value=\"\" class=\"wpcf7-form-control wpcf7-date wpcf7-validates-as-required wpcf7-validates-as-date\" min=\"2026-04-29\" aria-required=\"true\" aria-invalid=\"false\" \/><\/span><\/div>\n<div class=\"qf-spacer qf-section\">Informa\u021bii contact<\/div>\n<div class=\"qf-spacer-inner-first\"><label><span class=\"wpcf7-form-control-wrap\" data-name=\"qf-your-name\"><input type=\"text\" name=\"qf-your-name\" value=\"\" size=\"40\" class=\"wpcf7-form-control wpcf7-text wpcf7-validates-as-required\" aria-required=\"true\" aria-invalid=\"false\" placeholder=\"Numele t\u0103u\" \/><\/span><\/label><\/div>\n<div class=\"qf-spacer-inner\"><label><span class=\"wpcf7-form-control-wrap\" data-name=\"qf-your-email\"><input type=\"email\" name=\"qf-your-email\" value=\"\" size=\"40\" class=\"wpcf7-form-control wpcf7-text wpcf7-email wpcf7-validates-as-required wpcf7-validates-as-email\" aria-required=\"true\" aria-invalid=\"false\" placeholder=\"E-mailul t\u0103u\" \/><\/span><\/label><\/div>\n<div class=\"qf-spacer-inner\"><label><span class=\"wpcf7-form-control-wrap\" data-name=\"qf-your-phone\"><input type=\"text\" name=\"qf-your-phone\" value=\"\" size=\"40\" class=\"wpcf7-form-control wpcf7-text\" aria-invalid=\"false\" placeholder=\"Num\u0103rul t\u0103u de contact (op\u021bional)\" \/><\/span><\/label><\/div>\n<div class=\"qf-spacer-last\"><input type=\"submit\" value=\"SOLICIT\u0102 OFERT\u0102\" class=\"wpcf7-form-control has-spinner wpcf7-submit\" \/><\/div>\n<div class=\"fusion-alert alert custom alert-custom fusion-alert-center wpcf7-response-output fusion-alert-capitalize alert-dismissable\" role=\"alert\" style=\"border-width:1px;\"><div class=\"fusion-alert-content-wrapper\"><span class=\"fusion-alert-content\"><\/span><\/div><button type=\"button\" class=\"close toggle-alert\" data-dismiss=\"alert\" aria-label=\"Close\">&times;<\/button><\/div><input type=\"hidden\" name=\"trp-form-language\" value=\"ro\"\/><\/form><\/div>\n<div class=\"fusion-separator fusion-full-width-sep\" style=\"align-self: center;margin-left: auto;margin-right: auto;margin-top:20px;width:100%;\"><div class=\"fusion-separator-border sep-shadow\" style=\"background:radial-gradient(ellipse at 50% -50% , var(--awb-color3) 0px, rgba(255, 255, 255, 0) 80%) repeat scroll 0 0 rgba(0, 0, 0, 0);background:-webkit-radial-gradient(ellipse at 50% -50% , var(--awb-color3) 0px, rgba(255, 255, 255, 0) 80%) repeat scroll 0 0 rgba(0, 0, 0, 0);background:-moz-radial-gradient(ellipse at 50% -50% , var(--awb-color3) 0px, rgba(255, 255, 255, 0) 80%) repeat scroll 0 0 rgba(0, 0, 0, 0);background:-o-radial-gradient(ellipse at 50% -50% , var(--awb-color3) 0px, rgba(255, 255, 255, 0) 80%) repeat scroll 0 0 rgba(0, 0, 0, 0);\"><\/div><\/div><\/div><style type=\"text\/css\">.fusion-body .fusion-builder-column-0{width:66% !important;margin-top : 0px;margin-bottom : 20px;}.fusion-builder-column-0 > .fusion-column-wrapper {padding-top : 0px !important;padding-right : 15% !important;margin-right : 2.9090909090909%;padding-bottom : 0px !important;padding-left : 15% !important;margin-left : 2.9090909090909%;}@media only screen and (max-width:1024px) {.fusion-body .fusion-builder-column-0{width:100% !important;order : 0;}.fusion-builder-column-0 > .fusion-column-wrapper {margin-right : 1.92%;margin-left : 1.92%;}}@media only screen and (max-width:640px) {.fusion-body .fusion-builder-column-0{width:100% !important;order : 0;}.fusion-builder-column-0 > .fusion-column-wrapper {padding-right : 3% !important;margin-right : 0px;padding-left : 3% !important;margin-left : 0px;}}<\/style><\/div><\/div><style type=\"text\/css\">.fusion-body .fusion-flex-container.fusion-builder-row-1{ padding-top : 0px;margin-top : 0px;padding-right : 0px;padding-bottom : 0px;margin-bottom : 0px;padding-left : 0px;}@media only screen and (max-width:640px) {.fusion-body .fusion-flex-container.fusion-builder-row-1{ padding-right : 0;padding-left : 0;}}<\/style><\/main>","protected":false},"excerpt":{"rendered":"","protected":false},"author":1,"featured_media":0,"parent":0,"menu_order":0,"comment_status":"closed","ping_status":"closed","template":"","meta":{"footnotes":""},"_links":{"self":[{"href":"https:\/\/www.wordpower.ro\/ro\/wp-json\/wp\/v2\/pages\/2855"}],"collection":[{"href":"https:\/\/www.wordpower.ro\/ro\/wp-json\/wp\/v2\/pages"}],"about":[{"href":"https:\/\/www.wordpower.ro\/ro\/wp-json\/wp\/v2\/types\/page"}],"author":[{"embeddable":true,"href":"https:\/\/www.wordpower.ro\/ro\/wp-json\/wp\/v2\/users\/1"}],"replies":[{"embeddable":true,"href":"https:\/\/www.wordpower.ro\/ro\/wp-json\/wp\/v2\/comments?post=2855"}],"version-history":[{"count":26,"href":"https:\/\/www.wordpower.ro\/ro\/wp-json\/wp\/v2\/pages\/2855\/revisions"}],"predecessor-version":[{"id":3735,"href":"https:\/\/www.wordpower.ro\/ro\/wp-json\/wp\/v2\/pages\/2855\/revisions\/3735"}],"wp:attachment":[{"href":"https:\/\/www.wordpower.ro\/ro\/wp-json\/wp\/v2\/media?parent=2855"}],"curies":[{"name":"wp","href":"https:\/\/api.w.org\/{rel}","templated":true}]}}